{"id":708,"date":"2012-03-09T09:15:07","date_gmt":"2012-03-09T17:15:07","guid":{"rendered":"http:\/\/stage.calcoastal.org\/?page_id=708"},"modified":"2023-10-11T09:56:32","modified_gmt":"2023-10-11T16:56:32","slug":"programas-de-prestamo","status":"publish","type":"page","link":"https:\/\/stage.calcoastal.org\/es\/programas-de-prestamo\/","title":{"rendered":"Programas de Pr\u00e9stamo"},"content":{"rendered":"<h2>Programas de Pr\u00e9stamo<\/h2>\n<p>California Coastal Rural Development Corporation (Cal Coastal), una corporaci\u00f3n sin fines de lucro, funciona como prestamista comercial. Tenemos la habilidad de proveer o pr\u00e9stamos directos o garant\u00edas de pr\u00e9stamos bancarios. En la actualidad estamos operando con seis programas de pr\u00e9stamos para agricultores y empresas ubicadas en nuestra zona. En muchos de nuestros programas podemos operar en todo el territorio del Estado de California. Nuestros programas de pr\u00e9stamos pueden ser utilizados para compra o re-financiamiento de equipo, inventario, bienes ra\u00edces comerciales o terrenos de campo o para capital de trabajo. Estos pr\u00e9stamos ayudan a los empresarios de comercio o actividades agr\u00edcolas para lograr el apoyo necesario que les permite aumentar sus negocios que lleguen a ser empresas exitosas que ayudan a fortalecer la econom\u00eda y crear nuevos empleos.<\/p>\n<p>Desde el 1982, Cal Coastal ha sido un instrumento para proveer pr\u00e9stamos a miles de empresas de peque\u00f1a escala a lo largo del Estado de California. A continuaci\u00f3n se perfilan la gama de programas que ofrece Cal Coastal.<\/p>\n<h2><a title=\"Learn more about our 504 Loan Program\" href=\"http:\/\/stage.calcoastal.org\/programas-de-prestamo\/prestamos-504\"><strong>Programa de Pr\u00e9stamo SBA 504<\/strong><\/a><\/h2>\n<p>Este programa de pr\u00e9stamos permite a Cal Coastal a asociarse con un banco comercial para proveer hasta un 90% del pr\u00e9stamo para la compra de bienes mayores o para la adquisici\u00f3n de propiedad comercial. Este programa requiere que el socio bancario provee el 50% del pr\u00e9stamo, mientras que el programa de pr\u00e9stamo SBA 504 de Cal Coastal provee el 40%, lo cual obliga al cliente provee el restante 10% del valor del proyecto. Los porcentajes de r\u00e9dito est\u00e1n ligados a las tarifas del Departamento de la Tesorer\u00eda del gobierno Federal. Los r\u00e9ditos se fijan al momento de la transacci\u00f3n.<\/p>\n<h2><strong><a title=\"Learn more about or Farm Loan Programs\" href=\"http:\/\/stage.calcoastal.org\/programas-de-prestamo\/pre%cc%81stamos-para-agricultores\">Pr\u00e9stamos Directos para Agricultores<\/a><\/strong><\/h2>\n<p>Este programa de pr\u00e9stamo provee pr\u00e9stamos para familias agr\u00edcolas elegibles para una garant\u00eda ante la Agencia de Servicios al Agricultor. Los fondos providentes del pr\u00e9stamo pueden ser usados\u00a0 para producir cultivos, cosechar, adquirir propiedad agr\u00edcola, realizar mejoras al campo agr\u00edcola o para adquirir equipo. El monto del pr\u00e9stamo pude ser hasta la cantidad de $2,236,000. Pr\u00e9stamos de operaciones tienen de plazo el ciclo de la cosecha; prestamos para adquirir propiedad agr\u00edcola pueden tener de plazo hasta un m\u00e1ximo de 30 a\u00f1os. Los r\u00e9ditos var\u00edan basado en la cantidad prima u otros \u00edndices.<\/p>\n<h2><a title=\"Learn more about our MicroLoan programs\" href=\"http:\/\/stage.calcoastal.org\/programas-de-prestamo\/micro-pre%cc%81stamos\"><strong>Programa de Micro-Pr\u00e9stamos<\/strong><\/a><\/h2>\n<p>El objetivo de este programa es de proveer cr\u00e9dito y asistencia t\u00e9cnica para una empresa nueva o para expandir una empresa de peque\u00f1o escala. Los fondos provenientes del pr\u00e9stamo pueden ser utilizados para inventarios, maquinaria, equipo, o gastos de mejoramiento de instalaciones. El monto de los pr\u00e9stamos se limita a entre $5,000 y $50,00. El porcentaje del r\u00e9dito es fijo con base en la prima m\u00e1s el 2.75%, pero siempre con un piso m\u00ednimo del 7.50%.<\/p>\n<h2><strong><a title=\"Garant\u00eda de Prestamos\" href=\"http:\/\/stage.calcoastal.org\/es\/programas-de-prestamo\/garantia-de-prestamos\/\">Programa de Garant\u00eda de Cr\u00e9dito <\/a><\/strong><\/h2>\n<p>El objetivo de este programa es de promover las empresas de peque\u00f1a escala con \u00e9nfasis especial en asistir a aquellos que crean o retengan empleos. Un banco comercial debe proveer los fondos del pr\u00e9stamo, y Cal Coastal puede garantizar hasta el 80% del pr\u00e9stamo siempre y cuando el valor m\u00e1ximo de esta garant\u00eda sea de $2,500,000. Los pr\u00e9stamos pueden ser utilizados para inventarios, cuentas activas, adquisici\u00f3n de equipo y capital de trabajo (por ejemplo, una l\u00ednea de cr\u00e9dito, o un pr\u00e9stamo de corte o medio plazo). El plazo m\u00e1ximo es de 7 a\u00f1os.\u00a0 La taza de inter\u00e9s ser\u00e1 determinada por el prestamista. Cal Coastal cobra\u00a0 el 2.50% por el costo de la garant\u00eda m\u00e1s $250 por el costo de la documentaci\u00f3n.<\/p>\n<h2><a title=\"Learn more about our Intermediary Loan program\" href=\"http:\/\/stage.calcoastal.org\/programas-de-prestamo\/intermediario-de-prestamos\"><strong>Programa Intermediario de Pr\u00e9stamos<\/strong><\/a><\/h2>\n<p>Dise\u00f1ado para promover las empresas de peque\u00f1a escala. Los pr\u00e9stamos se destinan para negocios que crean o retienen empleos en \u00e1reas rurales. Estos negocios deben de estar localizadas en \u00e1reas no incorporadas o en una ciudad o pueblo con una poblaci\u00f3n de 50,000 o menos. Estos pr\u00e9stamos pueden ser usados para la adquisici\u00f3n de equipo, mejoras de instalaciones, inventarios o para capital de trabajo. El valor de los pr\u00e9stamos var\u00eda entre $25,000 a $250,000. El plazo m\u00e1ximo es de 7 a\u00f1os para la compra de equipo o capital de trabajo; puede haber plazos m\u00e1s largos para otros usos. El inter\u00e9s es la tasa bancaria variable m\u00e1s un 2.50% con un piso m\u00ednimo de 7.00%.<\/p>\n","protected":false},"excerpt":{"rendered":"<p>Programas de Pr\u00e9stamo California Coastal Rural Development Corporation (Cal Coastal), una corporaci\u00f3n sin fines de lucro, funciona como prestamista comercial. Tenemos la habilidad de proveer o pr\u00e9stamos directos o garant\u00edas de pr\u00e9stamos bancarios. En la actualidad estamos operando con seis programas de pr\u00e9stamos para agricultores y empresas ubicadas en nuestra zona. En muchos de nuestros [&hellip;]<\/p>\n","protected":false},"author":1,"featured_media":0,"parent":0,"menu_order":4,"comment_status":"open","ping_status":"open","template":"","meta":{"_acf_changed":false,"footnotes":"","_links_to":"","_links_to_target":""},"class_list":["post-708","page","type-page","status-publish","hentry"],"acf":[],"aioseo_notices":[],"_links":{"self":[{"href":"https:\/\/stage.calcoastal.org\/es\/wp-json\/wp\/v2\/pages\/708","targetHints":{"allow":["GET"]}}],"collection":[{"href":"https:\/\/stage.calcoastal.org\/es\/wp-json\/wp\/v2\/pages"}],"about":[{"href":"https:\/\/stage.calcoastal.org\/es\/wp-json\/wp\/v2\/types\/page"}],"author":[{"embeddable":true,"href":"https:\/\/stage.calcoastal.org\/es\/wp-json\/wp\/v2\/users\/1"}],"replies":[{"embeddable":true,"href":"https:\/\/stage.calcoastal.org\/es\/wp-json\/wp\/v2\/comments?post=708"}],"version-history":[{"count":13,"href":"https:\/\/stage.calcoastal.org\/es\/wp-json\/wp\/v2\/pages\/708\/revisions"}],"predecessor-version":[{"id":3020,"href":"https:\/\/stage.calcoastal.org\/es\/wp-json\/wp\/v2\/pages\/708\/revisions\/3020"}],"wp:attachment":[{"href":"https:\/\/stage.calcoastal.org\/es\/wp-json\/wp\/v2\/media?parent=708"}],"curies":[{"name":"wp","href":"https:\/\/api.w.org\/{rel}","templated":true}]}}