{"id":724,"date":"2012-03-09T09:21:54","date_gmt":"2012-03-09T17:21:54","guid":{"rendered":"http:\/\/stage.calcoastal.org\/?page_id=724"},"modified":"2024-04-30T08:15:02","modified_gmt":"2024-04-30T15:15:02","slug":"prestamos-504","status":"publish","type":"page","link":"https:\/\/stage.calcoastal.org\/es\/programas-de-prestamo\/prestamos-504\/","title":{"rendered":"Prestamos 504"},"content":{"rendered":"<h2>Pr\u00e9stamo SBA 504<\/h2>\n<p>&nbsp;<\/p>\n<table style=\"width: 100%; background-color: #c06d3b;\" border=\"0\" cellpadding=\"10\">\n<tbody>\n<tr>\n<td><span style=\"font-size: medium; color: #ffffff;\"><strong>Actual 25-a\u00f1o <\/strong><\/span><span style=\"font-size: medium; color: #ffffff;\"><strong>taza efectiva de r\u00e9dito para SBA 504 es de 6.69<\/strong><strong style=\"font-family: inherit;\">%*<\/strong><strong><br \/>\n<\/strong><\/span><span style=\"font-size: medium; color: #ffffff;\">*incluye cuotas de CDC, SBA y agente bancario, seg\u00fan precios publicados por NADCO 04\/24.<\/span><\/td>\n<\/tr>\n<\/tbody>\n<\/table>\n<p>El Programa de Pr\u00e9stamo bajo la Sec. 504 de la Agencia para Empresas de Peque\u00f1a Escala del Gobierno Federal (US SBA por las siglas en ingles de la \u201cSmall Business Administraci\u00f3n\u201d) es conocido tambi\u00e9n como el Programa de Organizaciones Certificadas para Desarrollo (CDC por las siglas en ingles de una \u201cCertified Development Company\u201d).\u00a0 Este Programa SBA 504 ofrece cr\u00e9dito de largo plazo a taza fija para ayudar a crecer a empresas de peque\u00f1a y mediana escala que est\u00e9n en condiciones financieras sanas. Los pr\u00e9stamos son para adquirir bienes fijos de largo plazo, tales como terreno, edificios, maquinaria y equipo, o para modernizar o renovar instalaciones, o para actualizarlas ecol\u00f3gicamente. Empresas en una etapa de crecimiento muchas veces no pueden cumplir con los requisitos para cr\u00e9dito tradicional por la dificultad de aportar el 25% del costo. Cuando resulta imposible un pr\u00e9stamo tradicional, un pr\u00e9stamo SBA 504 puede ser una opci\u00f3n efectiva. Para empresas de peque\u00f1a escala, este programa SBA 504 les facilita acceso al financiamiento de largo plazo a taza fija y bajo costo que tienen las empresas de escala grande a trav\u00e9s de los mercados financieros. Otras ventajas para el prestatario comparado con un pr\u00e9stamo comercial de un banco incluyen las siguientes:<\/p>\n<ul>\n<li>Menor aporte inicial<\/li>\n<li>Taza de inter\u00e9s menor<\/li>\n<li>Taza fija que evita la incertidumbre de fluctuaciones a futuro<\/li>\n<li>Plazo de pago mayor (de 10 a 20 a\u00f1os)<\/li>\n<\/ul>\n<p><strong>\u00bfQUE ES UNA CDC?<\/strong><\/p>\n<p>Una CDC es una organizaci\u00f3n no gubernamental sin fines de lucro formada para promover el desarrollo econ\u00f3mico en la comunidad. Una CDC es certificada por la SBA y opera bajo la gobernaci\u00f3n\u00a0de una Mesa Directiva que incluye socios de bancos o entidades crediticias del sector privado, adem\u00e1s de empresas y organizaciones de la comunidad.<strong><span style=\"text-decoration: underline;\" data-mce-mark=\"1\"> Cal Coastal es la \u00fanica CDC local en el Condado de Monterey.<\/span><\/strong> Una CDC ayuda a empresas de peque\u00f1a escala con financiar proyectos de bienes fijos mediante el apoyo en juntar documentaci\u00f3n, luego revisar, analizar y presentarla a SBA. Una vez aprobada por SBA, la CDC formaliza y registra el pr\u00e9stamo.<\/p>\n<p>&nbsp;<\/p>\n<p><strong>DESCRIPCI\u00d3N<\/strong><br \/>\nEste\u00a0programa de pr\u00e9tamo directo financiado a trav\u00e9s de la\u00a0SBA para bienes fijos de largo plazo.<\/p>\n<p><strong>USO DE FONDOS<\/strong><br \/>\nFinanciamiento a taza fija para comprar terreno, construir o ampliar instalaciones, comprar equipo de largo plazo, y en algunos casos, refinanciar hipotecas.<\/p>\n<p><strong>REQUISITOS<\/strong><br \/>\nEl Programa es para empresas con fines de lucro. Se requiere que crean empleos. Bancos privados proveen el 50% del financiamiento, la SBA provee hasta el 40% del financiamiento, el prestatario provee el restante 10% del financiamiento.<\/p>\n<p><strong>CANDIDATES MAXIMAS<\/strong><br \/>\nLa cantidad m\u00e1xima de financiamiento de parte de SBA es $5 millones, y el valor m\u00e1ximo para el proyecto en total es de $12 millones.<\/p>\n<p><strong> VENCIMIENTO <\/strong><br \/>\n10 y 20 a\u00f1os para pagar el pr\u00e9stamo en su totalidad.<\/p>\n<p><strong>TASA DE R\u00c9DITOR<\/strong><br \/>\nAtado a la taza de la Tesorer\u00eda del gobierno federal. La daza se fija cuando el pr\u00e9stamo se financie.<\/p>\n<p><strong>GARANT\u00cdAS<\/strong><br \/>\nGeneralmente se limitan a bienes del proyecto a financiar.<\/p>\n<p><strong>CUOTAS<\/strong><br \/>\nCuota por originar el pr\u00e9stamo en 1.5% del valor del pr\u00e9stamo, mas otras cuotas por definir en la conformaci\u00f3n de los costos de l proyecto a ser financiado.x<\/p>\n<p>&nbsp;<\/p>\n<h2>Solicitud<\/h2>\n<p><a href=\"http:\/\/stage.calcoastal.org\/wp-content\/uploads\/2024\/02\/Complete-Application-1-10-2024.pdf\" target=\"_blank\" rel=\"noopener\">Complete Application 1-10-2024<\/a><\/p>\n","protected":false},"excerpt":{"rendered":"<p>Pr\u00e9stamo SBA 504 &nbsp; Actual 25-a\u00f1o taza efectiva de r\u00e9dito para SBA 504 es de 6.69%* *incluye cuotas de CDC, SBA y agente bancario, seg\u00fan precios publicados por NADCO 04\/24. El Programa de Pr\u00e9stamo bajo la Sec. 504 de la Agencia para Empresas de Peque\u00f1a Escala del Gobierno Federal (US SBA por las siglas en [&hellip;]<\/p>\n","protected":false},"author":1,"featured_media":0,"parent":708,"menu_order":7,"comment_status":"open","ping_status":"open","template":"","meta":{"_acf_changed":false,"footnotes":"","_links_to":"","_links_to_target":""},"class_list":["post-724","page","type-page","status-publish","hentry"],"acf":[],"aioseo_notices":[],"_links":{"self":[{"href":"https:\/\/stage.calcoastal.org\/es\/wp-json\/wp\/v2\/pages\/724","targetHints":{"allow":["GET"]}}],"collection":[{"href":"https:\/\/stage.calcoastal.org\/es\/wp-json\/wp\/v2\/pages"}],"about":[{"href":"https:\/\/stage.calcoastal.org\/es\/wp-json\/wp\/v2\/types\/page"}],"author":[{"embeddable":true,"href":"https:\/\/stage.calcoastal.org\/es\/wp-json\/wp\/v2\/users\/1"}],"replies":[{"embeddable":true,"href":"https:\/\/stage.calcoastal.org\/es\/wp-json\/wp\/v2\/comments?post=724"}],"version-history":[{"count":120,"href":"https:\/\/stage.calcoastal.org\/es\/wp-json\/wp\/v2\/pages\/724\/revisions"}],"predecessor-version":[{"id":3085,"href":"https:\/\/stage.calcoastal.org\/es\/wp-json\/wp\/v2\/pages\/724\/revisions\/3085"}],"up":[{"embeddable":true,"href":"https:\/\/stage.calcoastal.org\/es\/wp-json\/wp\/v2\/pages\/708"}],"wp:attachment":[{"href":"https:\/\/stage.calcoastal.org\/es\/wp-json\/wp\/v2\/media?parent=724"}],"curies":[{"name":"wp","href":"https:\/\/api.w.org\/{rel}","templated":true}]}}